{"id":2612,"date":"2026-04-29T08:45:00","date_gmt":"2026-04-29T06:45:00","guid":{"rendered":"https:\/\/turismosostible.lugo.gal\/?page_id=2612"},"modified":"2026-04-29T09:03:09","modified_gmt":"2026-04-29T07:03:09","slug":"lugo-sostible-turismo-con-conciencia","status":"publish","type":"page","link":"https:\/\/turismosostible.lugo.gal\/es\/lugo-sostible-turismo-con-conciencia\/","title":{"rendered":"LUGO SOSTENIBLE: TURISMO CON CONCIENCIA"},"content":{"rendered":"<div data-elementor-type=\"wp-page\" data-elementor-id=\"2612\" class=\"elementor elementor-2612\" data-elementor-post-type=\"page\">\n\t\t\t\t\t\t<section class=\"elementor-section elementor-top-section elementor-element elementor-element-68924aa elementor-section-full_width elementor-section-height-min-height elementor-section-height-default elementor-section-items-middle\" data-id=\"68924aa\" data-element_type=\"section\" data-e-type=\"section\">\n\t\t\t\t\t\t<div class=\"elementor-container elementor-column-gap-custom\">\n\t\t\t\t\t<div class=\"elementor-column elementor-col-100 elementor-top-column elementor-element elementor-element-8e196ca\" data-id=\"8e196ca\" data-element_type=\"column\" data-e-type=\"column\">\n\t\t\t<div class=\"elementor-widget-wrap elementor-element-populated\">\n\t\t\t\t\t\t<section class=\"elementor-section elementor-inner-section elementor-element elementor-element-b5294fd elementor-section-full_width elementor-section-height-min-height elementor-reverse-mobile elementor-reverse-tablet elementor-section-height-default\" data-id=\"b5294fd\" data-element_type=\"section\" data-e-type=\"section\">\n\t\t\t\t\t\t<div class=\"elementor-container elementor-column-gap-no\">\n\t\t\t\t\t<div class=\"elementor-column elementor-col-50 elementor-inner-column elementor-element elementor-element-f64d004 has-stretch-block to-left\" data-id=\"f64d004\" data-element_type=\"column\" data-e-type=\"column\">\n\t\t\t<div class=\"elementor-widget-wrap elementor-element-populated\">\n\t\t\t\t\t\t<div class=\"elementor-element elementor-element-4cd5b70 elementor-widget elementor-widget-text-editor\" data-id=\"4cd5b70\" data-element_type=\"widget\" data-e-type=\"widget\" data-widget_type=\"text-editor.default\">\n\t\t\t\t\t\t\t\t\t<p>Lugo es un destino donde el turismo sostenible no es una tendencia, sino una forma de entender el territorio. El patrimonio cultural y romano convive de manera natural con su riqueza ambiental, configurando un modelo de ciudad donde la historia, la naturaleza y la calidad de vida est\u00e1n profundamente conectadas.<\/p>\t\t\t\t\t\t\t\t<\/div>\n\t\t\t\t<div class=\"elementor-element elementor-element-d88420b elementor-widget elementor-widget-video\" data-id=\"d88420b\" data-element_type=\"widget\" data-e-type=\"widget\" data-settings=\"{&quot;video_type&quot;:&quot;hosted&quot;,&quot;autoplay&quot;:&quot;yes&quot;,&quot;controls&quot;:&quot;yes&quot;}\" data-widget_type=\"video.default\">\n\t\t\t\t\t\t\t<div class=\"e-hosted-video elementor-wrapper elementor-open-inline\">\n\t\t\t\t\t<video class=\"elementor-video\" src=\"https:\/\/turismosostible.lugo.gal\/wp-content\/uploads\/2026\/04\/2.-Patrimonio-natural_CAS.mp4\" autoplay=\"\" controls=\"\" controlslist=\"nodownload\"><\/video>\n\t\t\t\t<\/div>\n\t\t\t\t\t\t<\/div>\n\t\t\t\t<div class=\"elementor-element elementor-element-71621fe elementor-hidden-desktop elementor-hidden-tablet elementor-hidden-mobile elementor-widget elementor-widget-heading\" data-id=\"71621fe\" data-element_type=\"widget\" data-e-type=\"widget\" data-widget_type=\"heading.default\">\n\t\t\t\t\t<h3 class=\"elementor-heading-title elementor-size-default\">Lugo, un encuentro con la historia<\/h3>\t\t\t\t<\/div>\n\t\t\t\t<div class=\"elementor-element elementor-element-49a10c3 elementor-widget elementor-widget-text-editor\" data-id=\"49a10c3\" data-element_type=\"widget\" data-e-type=\"widget\" data-widget_type=\"text-editor.default\">\n\t\t\t\t\t\t\t\t\t<p>Los r\u00edos Mi\u00f1o y Rato rodean la ciudad y forman parte del conocido Cintur\u00f3n Verde, un espacio continuo de naturaleza que permite recorrer Lugo a trav\u00e9s de senderos peatonales y ciclables. Este sistema de corredores ecol\u00f3gicos integra zonas de alto valor ambiental con espacios de uso p\u00fablico, facilitando un turismo respetuoso y accesible para todos los perfiles de visitante.<\/p><p>Este equilibrio sit\u00faa a Lugo en un contexto \u00fanico, al formar parte de la Reserva de la Biosfera Terras do Mi\u00f1o, reconocimiento de la UNESCO que distingue al territorio por su capacidad para conservar la biodiversidad al tiempo que promueve el desarrollo sostenible. Se trata, adem\u00e1s, de la \u00fanica capital ib\u00e9rica incluida en esta distinci\u00f3n, lo que refuerza su posicionamiento como destino de referencia en turismo responsable.<\/p><p><\/p><p>Uno de los grandes valores de Lugo es la posibilidad de descubrir la ciudad a trav\u00e9s de itinerarios hist\u00f3ricos que, al mismo tiempo, son rutas naturales. Tres caminos atraviesan el territorio y permiten comprender esta relaci\u00f3n:<\/p><p> <\/p><ul class=\"wp-block-list\"><li>El Camino Primitivo de Santiago, que invita a vivir Lugo desde la experiencia del peregrino.<\/li><\/ul><p> <\/p><ul class=\"wp-block-list\"><li>La V\u00eda XIX, antigua calzada romana que conectaba <em>Lucus Augusti<\/em> con otros enclaves de la <em>Gallaecia<\/em> y que hoy permite seguir la huella hist\u00f3rica del Imperio en el territorio.<\/li> <li>La V\u00eda K\u00fcnig, un itinerario documentado a finales del siglo XV que recupera antiguos recorridos entre Lugo y Santiago de Compostela, atravesando zonas rurales y naturales de gran valor paisaj\u00edstico.<\/li><\/ul><p> <\/p><p>La experiencia sostenible en Lugo se completa con la apuesta por los productos de proximidad y la puesta en valor del territorio.<\/p><p> <\/p><p>Te invitamos a recorrer Lugo desde esta perspectiva sostenible, donde patrimonio, naturaleza y calidad de vida se encuentran en cada paseo, en cada ruta y en cada experiencia.<\/p><p><\/p>\t\t\t\t\t\t\t\t<\/div>\n\t\t\t\t<div class=\"elementor-element elementor-element-2d149c7 elementor-widget elementor-widget-button\" data-id=\"2d149c7\" data-element_type=\"widget\" data-e-type=\"widget\" data-widget_type=\"button.default\">\n\t\t\t\t\t\t\t\t\t\t<a class=\"elementor-button elementor-button-link elementor-size-sm\" href=\"\/es\/rutas-para-perderse-na-natureza\/\">\n\t\t\t\t\t\t<span class=\"elementor-button-content-wrapper\">\n\t\t\t\t\t\t\t\t\t<span class=\"elementor-button-text\">Rutas para perderse en la naturaleza<\/span>\n\t\t\t\t\t<\/span>\n\t\t\t\t\t<\/a>\n\t\t\t\t\t\t\t\t<\/div>\n\t\t\t\t\t<\/div>\n\t\t<\/div>\n\t\t\t\t<div class=\"elementor-column elementor-col-50 elementor-inner-column elementor-element elementor-element-86e0a38 has-sticky-column has-stretch-block has-reset-mobile to-left\" data-id=\"86e0a38\" data-element_type=\"column\" data-e-type=\"column\" data-settings=\"{&quot;background_background&quot;:&quot;classic&quot;}\">\n\t\t\t<div class=\"elementor-widget-wrap elementor-element-populated\">\n\t\t\t\t\t\t<div class=\"elementor-element elementor-element-7942620 elementor-widget elementor-widget-image-carousel\" data-id=\"7942620\" data-element_type=\"widget\" data-e-type=\"widget\" data-settings=\"{&quot;slides_to_show&quot;:&quot;1&quot;,&quot;navigation&quot;:&quot;none&quot;,&quot;lazyload&quot;:&quot;yes&quot;,&quot;autoplay&quot;:&quot;yes&quot;,&quot;pause_on_hover&quot;:&quot;yes&quot;,&quot;pause_on_interaction&quot;:&quot;yes&quot;,&quot;autoplay_speed&quot;:5000,&quot;infinite&quot;:&quot;yes&quot;,&quot;effect&quot;:&quot;slide&quot;,&quot;speed&quot;:500}\" data-widget_type=\"image-carousel.default\">\n\t\t\t\t\t\t\t<div class=\"elementor-image-carousel-wrapper swiper\" role=\"region\" aria-roledescription=\"carousel\" aria-label=\"Carrusel de im\u00e1genes\" dir=\"ltr\">\n\t\t\t<div class=\"elementor-image-carousel swiper-wrapper swiper-image-stretch\" aria-live=\"off\">\n\t\t\t\t\t\t\t\t<div class=\"swiper-slide\" role=\"group\" aria-roledescription=\"slide\" aria-label=\"1 de 5\" data-no-translation-aria-label=\"\"><figure class=\"swiper-slide-inner\"><img class=\"swiper-slide-image swiper-lazy\" data-src=\"https:\/\/turismosostible.lugo.gal\/wp-content\/uploads\/2026\/02\/lugo_792.jpg\" alt=\"lugo_792\" \/><div class=\"swiper-lazy-preloader\"><\/div><\/figure><\/div><div class=\"swiper-slide\" role=\"group\" aria-roledescription=\"slide\" aria-label=\"2 de 5\" data-no-translation-aria-label=\"\"><figure class=\"swiper-slide-inner\"><img class=\"swiper-slide-image swiper-lazy\" data-src=\"https:\/\/turismosostible.lugo.gal\/wp-content\/uploads\/2026\/02\/lugo_561-1.jpg\" alt=\"lugo_561\" \/><div class=\"swiper-lazy-preloader\"><\/div><\/figure><\/div><div class=\"swiper-slide\" role=\"group\" aria-roledescription=\"slide\" aria-label=\"3 de 5\" data-no-translation-aria-label=\"\"><figure class=\"swiper-slide-inner\"><img class=\"swiper-slide-image swiper-lazy\" data-src=\"https:\/\/turismosostible.lugo.gal\/wp-content\/uploads\/2026\/02\/lugo_845.jpg\" alt=\"lugo_845\" \/><div class=\"swiper-lazy-preloader\"><\/div><\/figure><\/div><div class=\"swiper-slide\" role=\"group\" aria-roledescription=\"slide\" aria-label=\"4 de 5\" data-no-translation-aria-label=\"\"><figure class=\"swiper-slide-inner\"><img class=\"swiper-slide-image swiper-lazy\" data-src=\"https:\/\/turismosostible.lugo.gal\/wp-content\/uploads\/2026\/02\/lugo_687-1.jpg\" alt=\"lugo_687\" \/><div class=\"swiper-lazy-preloader\"><\/div><\/figure><\/div><div class=\"swiper-slide\" role=\"group\" aria-roledescription=\"slide\" aria-label=\"5 de 5\" data-no-translation-aria-label=\"\"><figure class=\"swiper-slide-inner\"><img class=\"swiper-slide-image swiper-lazy\" data-src=\"https:\/\/turismosostible.lugo.gal\/wp-content\/uploads\/2026\/02\/lugo_550-1.jpg\" alt=\"lugo_550\" \/><div class=\"swiper-lazy-preloader\"><\/div><\/figure><\/div>\t\t\t<\/div>\n\t\t\t\t\t\t\t\n\t\t\t\t\t\t\t\t\t<\/div>\n\t\t\t\t\t\t<\/div>\n\t\t\t\t\t<\/div>\n\t\t<\/div>\n\t\t\t\t\t<\/div>\n\t\t<\/section>\n\t\t\t\t\t<\/div>\n\t\t<\/div>\n\t\t\t\t\t<\/div>\n\t\t<\/section>\n\t\t\t\t<\/div>","protected":false},"excerpt":{"rendered":"<p>Lugo \u00e9 un destino onde o turismo sostible non \u00e9 unha tendencia, sen\u00f3n unha forma de entender o territorio. O patrimonio cultural e romano [&hellip;]<\/p>\n","protected":false},"author":1,"featured_media":0,"parent":0,"menu_order":0,"comment_status":"closed","ping_status":"closed","template":"page-custom.php","meta":{"_acf_changed":false,"footnotes":""},"class_list":["post-2612","page","type-page","status-publish","hentry"],"acf":{"full_width":true,"header_transparent":false},"_links":{"self":[{"href":"https:\/\/turismosostible.lugo.gal\/es\/wp-json\/wp\/v2\/pages\/2612","targetHints":{"allow":["GET"]}}],"collection":[{"href":"https:\/\/turismosostible.lugo.gal\/es\/wp-json\/wp\/v2\/pages"}],"about":[{"href":"https:\/\/turismosostible.lugo.gal\/es\/wp-json\/wp\/v2\/types\/page"}],"author":[{"embeddable":true,"href":"https:\/\/turismosostible.lugo.gal\/es\/wp-json\/wp\/v2\/users\/1"}],"replies":[{"embeddable":true,"href":"https:\/\/turismosostible.lugo.gal\/es\/wp-json\/wp\/v2\/comments?post=2612"}],"version-history":[{"count":11,"href":"https:\/\/turismosostible.lugo.gal\/es\/wp-json\/wp\/v2\/pages\/2612\/revisions"}],"predecessor-version":[{"id":2647,"href":"https:\/\/turismosostible.lugo.gal\/es\/wp-json\/wp\/v2\/pages\/2612\/revisions\/2647"}],"wp:attachment":[{"href":"https:\/\/turismosostible.lugo.gal\/es\/wp-json\/wp\/v2\/media?parent=2612"}],"curies":[{"name":"wp","href":"https:\/\/api.w.org\/{rel}","templated":true}]}}