{"id":2607,"date":"2026-04-29T08:45:00","date_gmt":"2026-04-29T06:45:00","guid":{"rendered":"https:\/\/turismosostible.lugo.gal\/?page_id=2607"},"modified":"2026-04-29T09:05:17","modified_gmt":"2026-04-29T07:05:17","slug":"equilibrio-entre-cidade-e-natureza","status":"publish","type":"page","link":"https:\/\/turismosostible.lugo.gal\/es\/equilibrio-entre-cidade-e-natureza\/","title":{"rendered":"EQUILIBRIO ENTRE CIUDAD Y NATURALEZA"},"content":{"rendered":"<div data-elementor-type=\"wp-page\" data-elementor-id=\"2607\" class=\"elementor elementor-2607\" data-elementor-post-type=\"page\">\n\t\t\t\t\t\t<section class=\"elementor-section elementor-top-section elementor-element elementor-element-68924aa elementor-section-full_width elementor-section-height-min-height elementor-section-height-default elementor-section-items-middle\" data-id=\"68924aa\" data-element_type=\"section\" data-e-type=\"section\">\n\t\t\t\t\t\t<div class=\"elementor-container elementor-column-gap-custom\">\n\t\t\t\t\t<div class=\"elementor-column elementor-col-100 elementor-top-column elementor-element elementor-element-8e196ca\" data-id=\"8e196ca\" data-element_type=\"column\" data-e-type=\"column\">\n\t\t\t<div class=\"elementor-widget-wrap elementor-element-populated\">\n\t\t\t\t\t\t<section class=\"elementor-section elementor-inner-section elementor-element elementor-element-b5294fd elementor-section-full_width elementor-section-height-min-height elementor-reverse-mobile elementor-reverse-tablet elementor-section-height-default\" data-id=\"b5294fd\" data-element_type=\"section\" data-e-type=\"section\">\n\t\t\t\t\t\t<div class=\"elementor-container elementor-column-gap-no\">\n\t\t\t\t\t<div class=\"elementor-column elementor-col-50 elementor-inner-column elementor-element elementor-element-f64d004 has-stretch-block to-left\" data-id=\"f64d004\" data-element_type=\"column\" data-e-type=\"column\">\n\t\t\t<div class=\"elementor-widget-wrap elementor-element-populated\">\n\t\t\t\t\t\t<div class=\"elementor-element elementor-element-4cd5b70 elementor-widget elementor-widget-text-editor\" data-id=\"4cd5b70\" data-element_type=\"widget\" data-e-type=\"widget\" data-widget_type=\"text-editor.default\">\n\t\t\t\t\t\t\t\t\t<p>Lugo ofrece un equilibrio \u00fanico entre ciudad y naturaleza, donde la vida urbana convive con espacios verdes, senderos y r\u00edos que bordean la ciudad. Desde el casco hist\u00f3rico se puede acceder a paseos por el cintur\u00f3n verde, zonas de recreo y miradores naturales que invitan a la contemplaci\u00f3n y al descanso.<\/p>\t\t\t\t\t\t\t\t<\/div>\n\t\t\t\t<div class=\"elementor-element elementor-element-d88420b elementor-widget elementor-widget-video\" data-id=\"d88420b\" data-element_type=\"widget\" data-e-type=\"widget\" data-settings=\"{&quot;video_type&quot;:&quot;hosted&quot;,&quot;autoplay&quot;:&quot;yes&quot;,&quot;controls&quot;:&quot;yes&quot;}\" data-widget_type=\"video.default\">\n\t\t\t\t\t\t\t<div class=\"e-hosted-video elementor-wrapper elementor-open-inline\">\n\t\t\t\t\t<video class=\"elementor-video\" src=\"https:\/\/turismosostible.lugo.gal\/wp-content\/uploads\/2026\/04\/2.-Patrimonio-natural_CAS.mp4\" autoplay=\"\" controls=\"\" controlslist=\"nodownload\"><\/video>\n\t\t\t\t<\/div>\n\t\t\t\t\t\t<\/div>\n\t\t\t\t<div class=\"elementor-element elementor-element-71621fe elementor-hidden-desktop elementor-hidden-tablet elementor-hidden-mobile elementor-widget elementor-widget-heading\" data-id=\"71621fe\" data-element_type=\"widget\" data-e-type=\"widget\" data-widget_type=\"heading.default\">\n\t\t\t\t\t<h3 class=\"elementor-heading-title elementor-size-default\">Lugo, un encuentro con la historia<\/h3>\t\t\t\t<\/div>\n\t\t\t\t<div class=\"elementor-element elementor-element-49a10c3 elementor-widget elementor-widget-text-editor\" data-id=\"49a10c3\" data-element_type=\"widget\" data-e-type=\"widget\" data-widget_type=\"text-editor.default\">\n\t\t\t\t\t\t\t\t\t<p>Esta armon\u00eda entre urbanismo y entorno natural permite a los visitantes disfrutar de m\u00faltiples experiencias: desde caminar por las calles hist\u00f3ricas hasta perderse en bosques y prados, observar aves, practicar deporte al aire libre o disfrutar de p\u00edcnics junto al r\u00edo Mi\u00f1o. Lugo muestra c\u00f3mo una ciudad puede integrar su patrimonio hist\u00f3rico con su riqueza natural, ofreciendo un destino completo que satisface tanto a los amantes de la cultura como a los apasionados por la naturaleza.<\/p><p>Adem\u00e1s, esta proximidad real entre ciudad y entorno natural permite vivir Lugo de una manera pausada y accesible, donde no es necesario planificar grandes desplazamientos para entrar en contacto con la naturaleza. En pocos minutos, el visitante puede pasar del ambiente monumental de la ciudad hist\u00f3rica a la tranquilidad de las riberas del r\u00edo, entendiendo as\u00ed una forma de vida m\u00e1s sostenible, equilibrada y conectada con el territorio.<\/p>\t\t\t\t\t\t\t\t<\/div>\n\t\t\t\t<div class=\"elementor-element elementor-element-2d149c7 elementor-widget elementor-widget-button\" data-id=\"2d149c7\" data-element_type=\"widget\" data-e-type=\"widget\" data-widget_type=\"button.default\">\n\t\t\t\t\t\t\t\t\t\t<a class=\"elementor-button elementor-button-link elementor-size-sm\" href=\"https:\/\/turismosostible.lugo.gal\/es\/rutas-para-perderse-na-natureza\/\">\n\t\t\t\t\t\t<span class=\"elementor-button-content-wrapper\">\n\t\t\t\t\t\t\t\t\t<span class=\"elementor-button-text\">Rutas para perderse en la naturaleza<\/span>\n\t\t\t\t\t<\/span>\n\t\t\t\t\t<\/a>\n\t\t\t\t\t\t\t\t<\/div>\n\t\t\t\t\t<\/div>\n\t\t<\/div>\n\t\t\t\t<div class=\"elementor-column elementor-col-50 elementor-inner-column elementor-element elementor-element-86e0a38 has-sticky-column has-stretch-block has-reset-mobile to-left\" data-id=\"86e0a38\" data-element_type=\"column\" data-e-type=\"column\" data-settings=\"{&quot;background_background&quot;:&quot;classic&quot;}\">\n\t\t\t<div class=\"elementor-widget-wrap elementor-element-populated\">\n\t\t\t\t\t\t<div class=\"elementor-element elementor-element-7942620 elementor-widget elementor-widget-image-carousel\" data-id=\"7942620\" data-element_type=\"widget\" data-e-type=\"widget\" data-settings=\"{&quot;slides_to_show&quot;:&quot;1&quot;,&quot;navigation&quot;:&quot;none&quot;,&quot;lazyload&quot;:&quot;yes&quot;,&quot;autoplay&quot;:&quot;yes&quot;,&quot;pause_on_hover&quot;:&quot;yes&quot;,&quot;pause_on_interaction&quot;:&quot;yes&quot;,&quot;autoplay_speed&quot;:5000,&quot;infinite&quot;:&quot;yes&quot;,&quot;effect&quot;:&quot;slide&quot;,&quot;speed&quot;:500}\" data-widget_type=\"image-carousel.default\">\n\t\t\t\t\t\t\t<div class=\"elementor-image-carousel-wrapper swiper\" role=\"region\" aria-roledescription=\"carousel\" aria-label=\"Carrusel de im\u00e1genes\" dir=\"ltr\">\n\t\t\t<div class=\"elementor-image-carousel swiper-wrapper swiper-image-stretch\" aria-live=\"off\">\n\t\t\t\t\t\t\t\t<div class=\"swiper-slide\" role=\"group\" aria-roledescription=\"slide\" aria-label=\"1 de 5\"><figure class=\"swiper-slide-inner\"><img class=\"swiper-slide-image swiper-lazy\" data-src=\"https:\/\/turismosostible.lugo.gal\/wp-content\/uploads\/2026\/02\/lugo_687-1.jpg\" alt=\"lugo_687\" \/><div class=\"swiper-lazy-preloader\"><\/div><\/figure><\/div><div class=\"swiper-slide\" role=\"group\" aria-roledescription=\"slide\" aria-label=\"2 de 5\"><figure class=\"swiper-slide-inner\"><img class=\"swiper-slide-image swiper-lazy\" data-src=\"https:\/\/turismosostible.lugo.gal\/wp-content\/uploads\/2026\/02\/lugo_546-1.jpg\" alt=\"lugo_546\" \/><div class=\"swiper-lazy-preloader\"><\/div><\/figure><\/div><div class=\"swiper-slide\" role=\"group\" aria-roledescription=\"slide\" aria-label=\"3 de 5\"><figure class=\"swiper-slide-inner\"><img class=\"swiper-slide-image swiper-lazy\" data-src=\"https:\/\/turismosostible.lugo.gal\/wp-content\/uploads\/2026\/02\/lugo_550-1.jpg\" alt=\"lugo_550\" \/><div class=\"swiper-lazy-preloader\"><\/div><\/figure><\/div><div class=\"swiper-slide\" role=\"group\" aria-roledescription=\"slide\" aria-label=\"4 de 5\"><figure class=\"swiper-slide-inner\"><img class=\"swiper-slide-image swiper-lazy\" data-src=\"https:\/\/turismosostible.lugo.gal\/wp-content\/uploads\/2026\/02\/lugo_333-1.jpg\" alt=\"lugo_333\" \/><div class=\"swiper-lazy-preloader\"><\/div><\/figure><\/div><div class=\"swiper-slide\" role=\"group\" aria-roledescription=\"slide\" aria-label=\"5 de 5\"><figure class=\"swiper-slide-inner\"><img class=\"swiper-slide-image swiper-lazy\" data-src=\"https:\/\/turismosostible.lugo.gal\/wp-content\/uploads\/2026\/02\/lugo_561-1.jpg\" alt=\"lugo_561\" \/><div class=\"swiper-lazy-preloader\"><\/div><\/figure><\/div>\t\t\t<\/div>\n\t\t\t\t\t\t\t\n\t\t\t\t\t\t\t\t\t<\/div>\n\t\t\t\t\t\t<\/div>\n\t\t\t\t\t<\/div>\n\t\t<\/div>\n\t\t\t\t\t<\/div>\n\t\t<\/section>\n\t\t\t\t\t<\/div>\n\t\t<\/div>\n\t\t\t\t\t<\/div>\n\t\t<\/section>\n\t\t\t\t<\/div>","protected":false},"excerpt":{"rendered":"<p>Lugo ofrece un equilibrio \u00fanico entre cidade e natureza, onde a vida urbana convive con espazos verdes, sendeiros e r\u00edos que bordean a cidade. [&hellip;]<\/p>\n","protected":false},"author":1,"featured_media":0,"parent":0,"menu_order":0,"comment_status":"closed","ping_status":"closed","template":"page-custom.php","meta":{"_acf_changed":false,"footnotes":""},"class_list":["post-2607","page","type-page","status-publish","hentry"],"acf":{"full_width":true,"header_transparent":false},"_links":{"self":[{"href":"https:\/\/turismosostible.lugo.gal\/es\/wp-json\/wp\/v2\/pages\/2607","targetHints":{"allow":["GET"]}}],"collection":[{"href":"https:\/\/turismosostible.lugo.gal\/es\/wp-json\/wp\/v2\/pages"}],"about":[{"href":"https:\/\/turismosostible.lugo.gal\/es\/wp-json\/wp\/v2\/types\/page"}],"author":[{"embeddable":true,"href":"https:\/\/turismosostible.lugo.gal\/es\/wp-json\/wp\/v2\/users\/1"}],"replies":[{"embeddable":true,"href":"https:\/\/turismosostible.lugo.gal\/es\/wp-json\/wp\/v2\/comments?post=2607"}],"version-history":[{"count":11,"href":"https:\/\/turismosostible.lugo.gal\/es\/wp-json\/wp\/v2\/pages\/2607\/revisions"}],"predecessor-version":[{"id":2651,"href":"https:\/\/turismosostible.lugo.gal\/es\/wp-json\/wp\/v2\/pages\/2607\/revisions\/2651"}],"wp:attachment":[{"href":"https:\/\/turismosostible.lugo.gal\/es\/wp-json\/wp\/v2\/media?parent=2607"}],"curies":[{"name":"wp","href":"https:\/\/api.w.org\/{rel}","templated":true}]}}