{"id":2436,"date":"2026-04-22T13:27:57","date_gmt":"2026-04-22T11:27:57","guid":{"rendered":"https:\/\/turismosostible.lugo.gal\/?page_id=2436"},"modified":"2026-04-22T16:18:59","modified_gmt":"2026-04-22T14:18:59","slug":"lugo-o-destino-onde-o-patrimonio-se-saborea","status":"publish","type":"page","link":"https:\/\/turismosostible.lugo.gal\/es\/lugo-o-destino-onde-o-patrimonio-se-saborea\/","title":{"rendered":"LUGO, EL DESTINO DONDE EL PATRIMONIO SE SABOREA"},"content":{"rendered":"<div data-elementor-type=\"wp-page\" data-elementor-id=\"2436\" class=\"elementor elementor-2436\" data-elementor-post-type=\"page\">\n\t\t\t\t\t\t<section class=\"elementor-section elementor-top-section elementor-element elementor-element-68924aa elementor-section-full_width elementor-section-height-min-height elementor-section-height-default elementor-section-items-middle\" data-id=\"68924aa\" data-element_type=\"section\" data-e-type=\"section\">\n\t\t\t\t\t\t<div class=\"elementor-container elementor-column-gap-custom\">\n\t\t\t\t\t<div class=\"elementor-column elementor-col-100 elementor-top-column elementor-element elementor-element-8e196ca\" data-id=\"8e196ca\" data-element_type=\"column\" data-e-type=\"column\">\n\t\t\t<div class=\"elementor-widget-wrap elementor-element-populated\">\n\t\t\t\t\t\t<section class=\"elementor-section elementor-inner-section elementor-element elementor-element-b5294fd elementor-section-full_width elementor-section-height-min-height elementor-reverse-mobile elementor-reverse-tablet elementor-section-height-default\" data-id=\"b5294fd\" data-element_type=\"section\" data-e-type=\"section\">\n\t\t\t\t\t\t<div class=\"elementor-container elementor-column-gap-no\">\n\t\t\t\t\t<div class=\"elementor-column elementor-col-50 elementor-inner-column elementor-element elementor-element-f64d004 has-stretch-block to-left\" data-id=\"f64d004\" data-element_type=\"column\" data-e-type=\"column\">\n\t\t\t<div class=\"elementor-widget-wrap elementor-element-populated\">\n\t\t\t\t\t\t<div class=\"elementor-element elementor-element-4cd5b70 elementor-widget elementor-widget-text-editor\" data-id=\"4cd5b70\" data-element_type=\"widget\" data-e-type=\"widget\" data-widget_type=\"text-editor.default\">\n\t\t\t\t\t\t\t\t\t<p>Hay destinos que se visitan y otros que se viven.<br \/>Lugo pertenece a estos \u00faltimos.<\/p><p>Situada en el coraz\u00f3n de Galicia, en el noroeste peninsular, Lugo\nes un destino \u00fanico donde el patrimonio hist\u00f3rico, la naturaleza y la\nenogastronom\u00eda conviven de forma org\u00e1nica. Su Muralla Romana,\ndeclarada Patrimonio de la Humanidad, no solo define el paisaje\nurbano, sino tambi\u00e9n una forma de entender el tiempo y la vida.<\/p>\t\t\t\t\t\t\t\t<\/div>\n\t\t\t\t<div class=\"elementor-element elementor-element-d88420b elementor-widget elementor-widget-video\" data-id=\"d88420b\" data-element_type=\"widget\" data-e-type=\"widget\" data-settings=\"{&quot;video_type&quot;:&quot;hosted&quot;,&quot;autoplay&quot;:&quot;yes&quot;,&quot;controls&quot;:&quot;yes&quot;}\" data-widget_type=\"video.default\">\n\t\t\t\t\t\t\t<div class=\"e-hosted-video elementor-wrapper elementor-open-inline\">\n\t\t\t\t\t<video class=\"elementor-video\" src=\"https:\/\/turismosostible.lugo.gal\/wp-content\/uploads\/2026\/04\/video_xeral_esp.mp4\" autoplay=\"\" controls=\"\" controlslist=\"nodownload\"><\/video>\n\t\t\t\t<\/div>\n\t\t\t\t\t\t<\/div>\n\t\t\t\t<div class=\"elementor-element elementor-element-71621fe elementor-widget elementor-widget-heading\" data-id=\"71621fe\" data-element_type=\"widget\" data-e-type=\"widget\" data-widget_type=\"heading.default\">\n\t\t\t\t\t<h3 class=\"elementor-heading-title elementor-size-default\">Lugo, un encuentro con la historia<\/h3>\t\t\t\t<\/div>\n\t\t\t\t<div class=\"elementor-element elementor-element-49a10c3 elementor-widget elementor-widget-text-editor\" data-id=\"49a10c3\" data-element_type=\"widget\" data-e-type=\"widget\" data-widget_type=\"text-editor.default\">\n\t\t\t\t\t\t\t\t\t<p>De origen romano, Lugo fue fundada en el a\u00f1o 14 a. C. como\nun asentamiento militar sobre un antiguo castro por Paulo Fabio\nM\u00e1ximo bajo el nombre de Lucus Augusti. As\u00ed, con m\u00e1s de dos mil\na\u00f1os de historia, la ciudad ostenta el t\u00edtulo de ser la m\u00e1s antigua de\nGalicia y conserva un legado que ha sabido integrarse de manera\nnatural en su evoluci\u00f3n como ciudad viva, acogedora y moderna.<\/p><p>A lo largo de este recorrido, te proponemos un encuentro\ncon la historia que se vive sin prisas: una ciudad para pasear,\nobservar y disfrutar, donde patrimonio, naturaleza, arte, historia\ny gastronom\u00eda conviven con una elevada calidad de vida. Te\ninvitamos a descubrirla con calma, a conectar con sus espacios,\ncon su ritmo y con su forma de vivir, apostando por un turismo\nsostenible, basado en experiencias aut\u00e9nticas y de calidad.<\/p>\t\t\t\t\t\t\t\t<\/div>\n\t\t\t\t<div class=\"elementor-element elementor-element-2d149c7 elementor-widget elementor-widget-button\" data-id=\"2d149c7\" data-element_type=\"widget\" data-e-type=\"widget\" data-widget_type=\"button.default\">\n\t\t\t\t\t\t\t\t\t\t<a class=\"elementor-button elementor-button-link elementor-size-sm\" href=\"https:\/\/turismosostible.lugo.gal\/es\/guia-para-unha-escapada-ao-corazon-de-galicia-itinerario-de-48-horas-para-descubrir-a-cidade\/\">\n\t\t\t\t\t\t<span class=\"elementor-button-content-wrapper\">\n\t\t\t\t\t\t\t\t\t<span class=\"elementor-button-text\">Descubre m\u00e1s sobre todo lo que\npodes vivir en Lugo y planifica tu viaje<\/span>\n\t\t\t\t\t<\/span>\n\t\t\t\t\t<\/a>\n\t\t\t\t\t\t\t\t<\/div>\n\t\t\t\t\t<\/div>\n\t\t<\/div>\n\t\t\t\t<div class=\"elementor-column elementor-col-50 elementor-inner-column elementor-element elementor-element-86e0a38 has-sticky-column has-stretch-block has-reset-mobile to-left\" data-id=\"86e0a38\" data-element_type=\"column\" data-e-type=\"column\" data-settings=\"{&quot;background_background&quot;:&quot;classic&quot;}\">\n\t\t\t<div class=\"elementor-widget-wrap elementor-element-populated\">\n\t\t\t\t\t\t<div class=\"elementor-element elementor-element-7942620 elementor-widget elementor-widget-image-carousel\" data-id=\"7942620\" data-element_type=\"widget\" data-e-type=\"widget\" data-settings=\"{&quot;slides_to_show&quot;:&quot;1&quot;,&quot;navigation&quot;:&quot;none&quot;,&quot;lazyload&quot;:&quot;yes&quot;,&quot;autoplay&quot;:&quot;yes&quot;,&quot;pause_on_hover&quot;:&quot;yes&quot;,&quot;pause_on_interaction&quot;:&quot;yes&quot;,&quot;autoplay_speed&quot;:5000,&quot;infinite&quot;:&quot;yes&quot;,&quot;effect&quot;:&quot;slide&quot;,&quot;speed&quot;:500}\" data-widget_type=\"image-carousel.default\">\n\t\t\t\t\t\t\t<div class=\"elementor-image-carousel-wrapper swiper\" role=\"region\" aria-roledescription=\"carousel\" aria-label=\"Carrusel de im\u00e1genes\" dir=\"ltr\">\n\t\t\t<div class=\"elementor-image-carousel swiper-wrapper swiper-image-stretch\" aria-live=\"off\">\n\t\t\t\t\t\t\t\t<div class=\"swiper-slide\" role=\"group\" aria-roledescription=\"slide\" aria-label=\"1 de 4\"><figure class=\"swiper-slide-inner\"><img class=\"swiper-slide-image swiper-lazy\" data-src=\"https:\/\/turismosostible.lugo.gal\/wp-content\/uploads\/2026\/02\/lugo_331-1.jpg\" alt=\"lugo_331\" \/><div class=\"swiper-lazy-preloader\"><\/div><\/figure><\/div><div class=\"swiper-slide\" role=\"group\" aria-roledescription=\"slide\" aria-label=\"2 de 4\"><figure class=\"swiper-slide-inner\"><img class=\"swiper-slide-image swiper-lazy\" data-src=\"https:\/\/turismosostible.lugo.gal\/wp-content\/uploads\/2026\/02\/lugo_812-1.jpg\" alt=\"lugo_812\" \/><div class=\"swiper-lazy-preloader\"><\/div><\/figure><\/div><div class=\"swiper-slide\" role=\"group\" aria-roledescription=\"slide\" aria-label=\"3 de 4\"><figure class=\"swiper-slide-inner\"><img class=\"swiper-slide-image swiper-lazy\" data-src=\"https:\/\/turismosostible.lugo.gal\/wp-content\/uploads\/2026\/02\/lugo_805-1-scaled.jpg\" alt=\"lugo_805\" \/><div class=\"swiper-lazy-preloader\"><\/div><\/figure><\/div><div class=\"swiper-slide\" role=\"group\" aria-roledescription=\"slide\" aria-label=\"4 de 4\"><figure class=\"swiper-slide-inner\"><img class=\"swiper-slide-image swiper-lazy\" data-src=\"https:\/\/turismosostible.lugo.gal\/wp-content\/uploads\/2026\/02\/lugo_049-1-scaled.jpg\" alt=\"lugo_049\" \/><div class=\"swiper-lazy-preloader\"><\/div><\/figure><\/div>\t\t\t<\/div>\n\t\t\t\t\t\t\t\n\t\t\t\t\t\t\t\t\t<\/div>\n\t\t\t\t\t\t<\/div>\n\t\t\t\t\t<\/div>\n\t\t<\/div>\n\t\t\t\t\t<\/div>\n\t\t<\/section>\n\t\t\t\t\t<\/div>\n\t\t<\/div>\n\t\t\t\t\t<\/div>\n\t\t<\/section>\n\t\t\t\t<\/div>","protected":false},"excerpt":{"rendered":"<p>Hai destinos que se visitan e outros que se viven.Lugo pertence a estes \u00faltimos. Situada no coraz\u00f3n de Galicia, no noroeste peninsular, Lugo \u00e9 [&hellip;]<\/p>\n","protected":false},"author":1,"featured_media":0,"parent":0,"menu_order":0,"comment_status":"closed","ping_status":"closed","template":"page-custom.php","meta":{"_acf_changed":false,"footnotes":""},"class_list":["post-2436","page","type-page","status-publish","hentry"],"acf":{"full_width":true,"header_transparent":false},"_links":{"self":[{"href":"https:\/\/turismosostible.lugo.gal\/es\/wp-json\/wp\/v2\/pages\/2436","targetHints":{"allow":["GET"]}}],"collection":[{"href":"https:\/\/turismosostible.lugo.gal\/es\/wp-json\/wp\/v2\/pages"}],"about":[{"href":"https:\/\/turismosostible.lugo.gal\/es\/wp-json\/wp\/v2\/types\/page"}],"author":[{"embeddable":true,"href":"https:\/\/turismosostible.lugo.gal\/es\/wp-json\/wp\/v2\/users\/1"}],"replies":[{"embeddable":true,"href":"https:\/\/turismosostible.lugo.gal\/es\/wp-json\/wp\/v2\/comments?post=2436"}],"version-history":[{"count":10,"href":"https:\/\/turismosostible.lugo.gal\/es\/wp-json\/wp\/v2\/pages\/2436\/revisions"}],"predecessor-version":[{"id":2536,"href":"https:\/\/turismosostible.lugo.gal\/es\/wp-json\/wp\/v2\/pages\/2436\/revisions\/2536"}],"wp:attachment":[{"href":"https:\/\/turismosostible.lugo.gal\/es\/wp-json\/wp\/v2\/media?parent=2436"}],"curies":[{"name":"wp","href":"https:\/\/api.w.org\/{rel}","templated":true}]}}